{"id":3684,"date":"2023-11-17T10:43:28","date_gmt":"2023-11-17T07:43:28","guid":{"rendered":"https:\/\/www.ugurkaroser.com\/sprinter\/"},"modified":"2023-12-11T16:17:53","modified_gmt":"2023-12-11T13:17:53","slug":"sprinter","status":"publish","type":"page","link":"https:\/\/www.ugurkaroser.com\/en\/sprinter\/","title":{"rendered":"Sprinter"},"content":{"rendered":"\t\t<div data-elementor-type=\"wp-page\" data-elementor-id=\"3684\" class=\"elementor elementor-3684\">\n\t\t\t\t\t\t\t\t\t<section class=\"elementor-section elementor-top-section elementor-element elementor-element-5658b1e elementor-section-stretched elementor-section-full_width elementor-section-height-default elementor-section-height-default\" data-id=\"5658b1e\" data-element_type=\"section\" data-settings=\"{&quot;stretch_section&quot;:&quot;section-stretched&quot;}\">\n\t\t\t\t\t\t\t<div class=\"elementor-background-overlay\"><\/div>\n\t\t\t\t\t\t\t<div class=\"elementor-container elementor-column-gap-default\">\n\t\t\t\t\t<div class=\"elementor-column elementor-col-100 elementor-top-column elementor-element elementor-element-5ca2198\" data-id=\"5ca2198\" data-element_type=\"column\">\n\t\t\t<div class=\"elementor-widget-wrap elementor-element-populated\">\n\t\t\t\t\t\t\t\t<div class=\"elementor-element elementor-element-b164ddf elementor-widget elementor-widget-image\" data-id=\"b164ddf\" data-element_type=\"widget\" data-widget_type=\"image.default\">\n\t\t\t\t<div class=\"elementor-widget-container\">\n\t\t\t<style>\/*! elementor - v3.16.0 - 14-09-2023 *\/\n.elementor-widget-image{text-align:center}.elementor-widget-image a{display:inline-block}.elementor-widget-image a img[src$=\".svg\"]{width:48px}.elementor-widget-image img{vertical-align:middle;display:inline-block}<\/style>\t\t\t\t\t\t\t\t\t\t\t\t<img loading=\"lazy\" decoding=\"async\" width=\"53\" height=\"60\" src=\"https:\/\/www.ugurkaroser.com\/wp-content\/uploads\/2023\/11\/partnermercedes01-e1700207405914.png\" class=\"attachment-large size-large wp-image-3678\" alt=\"\" srcset=\"https:\/\/www.ugurkaroser.com\/wp-content\/uploads\/2023\/11\/partnermercedes01-e1700207405914.png 53w, https:\/\/www.ugurkaroser.com\/wp-content\/uploads\/2023\/11\/partnermercedes01-e1700207405914-1x1.png 1w, https:\/\/www.ugurkaroser.com\/wp-content\/uploads\/2023\/11\/partnermercedes01-e1700207405914-10x10.png 10w\" sizes=\"auto, (max-width: 53px) 100vw, 53px\" \/>\t\t\t\t\t\t\t\t\t\t\t\t\t\t\t<\/div>\n\t\t\t\t<\/div>\n\t\t\t\t<div class=\"elementor-element elementor-element-4a0493f elementor-widget elementor-widget-heading\" data-id=\"4a0493f\" data-element_type=\"widget\" data-widget_type=\"heading.default\">\n\t\t\t\t<div class=\"elementor-widget-container\">\n\t\t\t<style>\/*! elementor - v3.16.0 - 14-09-2023 *\/\n.elementor-heading-title{padding:0;margin:0;line-height:1}.elementor-widget-heading .elementor-heading-title[class*=elementor-size-]>a{color:inherit;font-size:inherit;line-height:inherit}.elementor-widget-heading .elementor-heading-title.elementor-size-small{font-size:15px}.elementor-widget-heading .elementor-heading-title.elementor-size-medium{font-size:19px}.elementor-widget-heading .elementor-heading-title.elementor-size-large{font-size:29px}.elementor-widget-heading .elementor-heading-title.elementor-size-xl{font-size:39px}.elementor-widget-heading .elementor-heading-title.elementor-size-xxl{font-size:59px}<\/style><h2 class=\"elementor-heading-title elementor-size-default\">SPRINTER ARA\u00c7LARIMIZ<\/h2>\t\t<\/div>\n\t\t\t\t<\/div>\n\t\t\t\t<div class=\"elementor-element elementor-element-b2a70a9 elementor-widget elementor-widget-text-editor\" data-id=\"b2a70a9\" data-element_type=\"widget\" data-widget_type=\"text-editor.default\">\n\t\t\t\t<div class=\"elementor-widget-container\">\n\t\t\t<style>\/*! elementor - v3.16.0 - 14-09-2023 *\/\n.elementor-widget-text-editor.elementor-drop-cap-view-stacked .elementor-drop-cap{background-color:#69727d;color:#fff}.elementor-widget-text-editor.elementor-drop-cap-view-framed .elementor-drop-cap{color:#69727d;border:3px solid;background-color:transparent}.elementor-widget-text-editor:not(.elementor-drop-cap-view-default) .elementor-drop-cap{margin-top:8px}.elementor-widget-text-editor:not(.elementor-drop-cap-view-default) .elementor-drop-cap-letter{width:1em;height:1em}.elementor-widget-text-editor .elementor-drop-cap{float:left;text-align:center;line-height:1;font-size:50px}.elementor-widget-text-editor .elementor-drop-cap-letter{display:inline-block}<\/style>\t\t\t\t<p>Firmam\u0131z Daimler AG\/Mercedes Benz\u00a0 markalar\u0131n\u0131n onayl\u0131 \u00fcstyap\u0131 firmas\u0131d\u0131r.<\/p>\t\t\t\t\t\t<\/div>\n\t\t\t\t<\/div>\n\t\t\t\t<div class=\"elementor-element elementor-element-c4218a4 elementor-align-center elementor-mobile-align-center elementor-widget-mobile__width-initial elementor-widget elementor-widget-button\" data-id=\"c4218a4\" data-element_type=\"widget\" data-widget_type=\"button.default\">\n\t\t\t\t<div class=\"elementor-widget-container\">\n\t\t\t\t\t<div class=\"elementor-button-wrapper\">\n\t\t\t<a class=\"elementor-button elementor-button-link elementor-size-sm\" href=\"https:\/\/www.ugurkaroser.com\/wp-content\/uploads\/2023\/12\/Sprinter-Modelleri.pdf\" target=\"_blank\">\n\t\t\t\t\t\t<span class=\"elementor-button-content-wrapper\">\n\t\t\t\t\t\t<span class=\"elementor-button-icon elementor-align-icon-left\">\n\t\t\t\t<i aria-hidden=\"true\" class=\"fas fa-file-download\"><\/i>\t\t\t<\/span>\n\t\t\t\t\t\t<span class=\"elementor-button-text\">SPRINTER  ara\u00e7 \u00f6zellikleri<\/span>\n\t\t<\/span>\n\t\t\t\t\t<\/a>\n\t\t<\/div>\n\t\t\t\t<\/div>\n\t\t\t\t<\/div>\n\t\t\t\t<section class=\"elementor-section elementor-inner-section elementor-element elementor-element-1878e08 elementor-section-boxed elementor-section-height-default elementor-section-height-default\" data-id=\"1878e08\" data-element_type=\"section\">\n\t\t\t\t\t\t<div class=\"elementor-container elementor-column-gap-default\">\n\t\t\t\t\t<div class=\"elementor-column elementor-col-33 elementor-inner-column elementor-element elementor-element-d6a9405\" data-id=\"d6a9405\" data-element_type=\"column\">\n\t\t\t<div class=\"elementor-widget-wrap elementor-element-populated\">\n\t\t\t\t\t\t\t\t<div class=\"elementor-element elementor-element-ebdf824 elementor-invisible elementor-widget elementor-widget-etheme_hotspot\" data-id=\"ebdf824\" data-element_type=\"widget\" data-settings=\"{&quot;_animation&quot;:&quot;fadeInDown&quot;,&quot;tooltip_trigger&quot;:&quot;hover&quot;}\" data-widget_type=\"etheme_hotspot.default\">\n\t\t\t\t<div class=\"elementor-widget-container\">\n\t\t\t        \r\n        <div class=\"etheme-hotspot-wrapper\">\r\n\t\t\r\n\t\t    <img loading=\"lazy\" decoding=\"async\" width=\"1080\" height=\"1080\" src=\"https:\/\/www.ugurkaroser.com\/wp-content\/uploads\/2023\/09\/sprinter-turizm.png\" class=\"attachment-full size-full wp-image-2052\" alt=\"\" srcset=\"https:\/\/www.ugurkaroser.com\/wp-content\/uploads\/2023\/09\/sprinter-turizm.png 1080w, https:\/\/www.ugurkaroser.com\/wp-content\/uploads\/2023\/09\/sprinter-turizm-300x300.png 300w, https:\/\/www.ugurkaroser.com\/wp-content\/uploads\/2023\/09\/sprinter-turizm-1024x1024.png 1024w, https:\/\/www.ugurkaroser.com\/wp-content\/uploads\/2023\/09\/sprinter-turizm-150x150.png 150w, https:\/\/www.ugurkaroser.com\/wp-content\/uploads\/2023\/09\/sprinter-turizm-768x768.png 768w, https:\/\/www.ugurkaroser.com\/wp-content\/uploads\/2023\/09\/sprinter-turizm-600x600.png 600w, https:\/\/www.ugurkaroser.com\/wp-content\/uploads\/2023\/09\/sprinter-turizm-100x100.png 100w, https:\/\/www.ugurkaroser.com\/wp-content\/uploads\/2023\/09\/sprinter-turizm-1x1.png 1w, https:\/\/www.ugurkaroser.com\/wp-content\/uploads\/2023\/09\/sprinter-turizm-10x10.png 10w\" sizes=\"auto, (max-width: 1080px) 100vw, 1080px\" \/>        \r\n            \r\n            <div class=\"etheme-hotspot elementor-repeater-item-ac702f8  etheme-hotspot-tooltip-animation-fade etheme-hotspot-tooltip-on-hover\">\r\n\t\t\t    <a class=\"etheme-hotspot-item etheme-hotspot-animation etheme-hotspot-animation-shadow \" href=\"\/sprinter\/turizm\/\">\r\n                                                <div class=\"etheme-hotspot-icon\"><i class=\"et-icon et-plus\"><\/i><\/div>\r\n                                                                            <div class=\"etheme-hotspot-label\">TURIZM<\/div>\r\n                        <\/a>\r\n                    \r\n                                <\/div>\r\n            \r\n                        \r\n        <\/div>\r\n        \r\n\t\t\t\t<\/div>\n\t\t\t\t<\/div>\n\t\t\t\t\t<\/div>\n\t\t<\/div>\n\t\t\t\t<div class=\"elementor-column elementor-col-33 elementor-inner-column elementor-element elementor-element-b5c0111\" data-id=\"b5c0111\" data-element_type=\"column\">\n\t\t\t<div class=\"elementor-widget-wrap\">\n\t\t\t\t\t\t\t\t\t<\/div>\n\t\t<\/div>\n\t\t\t\t<div class=\"elementor-column elementor-col-33 elementor-inner-column elementor-element elementor-element-693d286\" data-id=\"693d286\" data-element_type=\"column\">\n\t\t\t<div class=\"elementor-widget-wrap elementor-element-populated\">\n\t\t\t\t\t\t\t\t<div class=\"elementor-element elementor-element-63dced7 elementor-invisible elementor-widget elementor-widget-etheme_hotspot\" data-id=\"63dced7\" data-element_type=\"widget\" data-settings=\"{&quot;_animation&quot;:&quot;fadeInDown&quot;,&quot;tooltip_trigger&quot;:&quot;hover&quot;}\" data-widget_type=\"etheme_hotspot.default\">\n\t\t\t\t<div class=\"elementor-widget-container\">\n\t\t\t        \r\n        <div class=\"etheme-hotspot-wrapper\">\r\n\t\t\r\n\t\t    <img loading=\"lazy\" decoding=\"async\" width=\"1080\" height=\"1080\" src=\"https:\/\/www.ugurkaroser.com\/wp-content\/uploads\/2023\/09\/sprinter-arka-.-taban.png\" class=\"attachment-full size-full wp-image-2055\" alt=\"\" srcset=\"https:\/\/www.ugurkaroser.com\/wp-content\/uploads\/2023\/09\/sprinter-arka-.-taban.png 1080w, https:\/\/www.ugurkaroser.com\/wp-content\/uploads\/2023\/09\/sprinter-arka-.-taban-300x300.png 300w, https:\/\/www.ugurkaroser.com\/wp-content\/uploads\/2023\/09\/sprinter-arka-.-taban-1024x1024.png 1024w, https:\/\/www.ugurkaroser.com\/wp-content\/uploads\/2023\/09\/sprinter-arka-.-taban-150x150.png 150w, https:\/\/www.ugurkaroser.com\/wp-content\/uploads\/2023\/09\/sprinter-arka-.-taban-768x768.png 768w, https:\/\/www.ugurkaroser.com\/wp-content\/uploads\/2023\/09\/sprinter-arka-.-taban-600x600.png 600w, https:\/\/www.ugurkaroser.com\/wp-content\/uploads\/2023\/09\/sprinter-arka-.-taban-100x100.png 100w, https:\/\/www.ugurkaroser.com\/wp-content\/uploads\/2023\/09\/sprinter-arka-.-taban-1x1.png 1w, https:\/\/www.ugurkaroser.com\/wp-content\/uploads\/2023\/09\/sprinter-arka-.-taban-10x10.png 10w\" sizes=\"auto, (max-width: 1080px) 100vw, 1080px\" \/>        \r\n            \r\n            <div class=\"etheme-hotspot elementor-repeater-item-ac702f8  etheme-hotspot-tooltip-animation-fade etheme-hotspot-tooltip-on-hover\">\r\n\t\t\t    <a class=\"etheme-hotspot-item etheme-hotspot-animation etheme-hotspot-animation-shadow \" href=\"\/sprinter\/arka-dusuk-taban\/\">\r\n                                                <div class=\"etheme-hotspot-icon\"><i class=\"et-icon et-plus\"><\/i><\/div>\r\n                                                                            <div class=\"etheme-hotspot-label\">ARKA D\u00dc\u015e\u00dcK TABAN<\/div>\r\n                        <\/a>\r\n                    \r\n                                <\/div>\r\n            \r\n                        \r\n        <\/div>\r\n        \r\n\t\t\t\t<\/div>\n\t\t\t\t<\/div>\n\t\t\t\t\t<\/div>\n\t\t<\/div>\n\t\t\t\t\t\t\t<\/div>\n\t\t<\/section>\n\t\t\t\t\t<\/div>\n\t\t<\/div>\n\t\t\t\t\t\t\t<\/div>\n\t\t<\/section>\n\t\t\t\t\t\t\t<\/div>\n\t\t","protected":false},"excerpt":{"rendered":"<p>SPRINTER ARA\u00c7LARIMIZ Firmam\u0131z Daimler AG\/Mercedes Benz\u00a0 markalar\u0131n\u0131n onayl\u0131 \u00fcstyap\u0131 firmas\u0131d\u0131r. SPRINTER ara\u00e7 \u00f6zellikleri TURIZM ARKA D\u00dc\u015e\u00dcK TABAN<\/p>\n","protected":false},"author":1,"featured_media":0,"parent":0,"menu_order":0,"comment_status":"closed","ping_status":"closed","template":"","meta":{"footnotes":""},"class_list":["post-3684","page","type-page","status-publish","hentry"],"_links":{"self":[{"href":"https:\/\/www.ugurkaroser.com\/en\/wp-json\/wp\/v2\/pages\/3684","targetHints":{"allow":["GET"]}}],"collection":[{"href":"https:\/\/www.ugurkaroser.com\/en\/wp-json\/wp\/v2\/pages"}],"about":[{"href":"https:\/\/www.ugurkaroser.com\/en\/wp-json\/wp\/v2\/types\/page"}],"author":[{"embeddable":true,"href":"https:\/\/www.ugurkaroser.com\/en\/wp-json\/wp\/v2\/users\/1"}],"replies":[{"embeddable":true,"href":"https:\/\/www.ugurkaroser.com\/en\/wp-json\/wp\/v2\/comments?post=3684"}],"version-history":[{"count":30,"href":"https:\/\/www.ugurkaroser.com\/en\/wp-json\/wp\/v2\/pages\/3684\/revisions"}],"predecessor-version":[{"id":4206,"href":"https:\/\/www.ugurkaroser.com\/en\/wp-json\/wp\/v2\/pages\/3684\/revisions\/4206"}],"wp:attachment":[{"href":"https:\/\/www.ugurkaroser.com\/en\/wp-json\/wp\/v2\/media?parent=3684"}],"curies":[{"name":"wp","href":"https:\/\/api.w.org\/{rel}","templated":true}]}}